{"id":166,"date":"2009-12-07T19:56:19","date_gmt":"2009-12-07T17:56:19","guid":{"rendered":"http:\/\/www.emperador.org\/?page_id=166"},"modified":"2009-12-31T15:53:14","modified_gmt":"2009-12-31T13:53:14","slug":"mis-apellidos","status":"publish","type":"page","link":"https:\/\/www.emperador.org\/index.php\/genealogia\/mis-apellidos\/","title":{"rendered":"Mis apellidos"},"content":{"rendered":"<p>Me llamo Emperador, Antonio Emperador.<\/p>\n<p>Bueno, en realidad tengo m\u00e1s apellidos. Aunque mi aventura geneal\u00f3gica no ha tenido como principal objetivo la b\u00fasqueda de apellidos, lo cierto es que conociendo tus antepasados, llegas a completarlos.<\/p>\n<p>En concreto y de forma inicial (la lista de apellidos que podr\u00eda dar ser\u00eda bastante m\u00e1s larga) son los siguientes 32 (correspondientes a todos los apellidos de tatarabuelos):<\/p>\n<p><strong><\/p>\n<blockquote>\n<ul>\n<li>Emperador<\/li>\n<li>Sau<\/li>\n<li>Chicapar<\/li>\n<li>Santos<\/li>\n<li>Coscolla<\/li>\n<li>Plana<\/li>\n<li>Satu\u00e9<\/li>\n<li>Gim\u00e9nez<\/li>\n<li>Gim\u00e9nez<\/li>\n<li>Villanava<\/li>\n<li>Soler<\/li>\n<li>Garc\u00eda<\/li>\n<li>Blasco<\/li>\n<li>Pallar\u00e9s<\/li>\n<li>Iborte<\/li>\n<li>Santos<\/li>\n<li>Blasco<\/li>\n<li>Logro\u00f1o<\/li>\n<li>Galinco<\/li>\n<li>Iborte<\/li>\n<li>Cerd\u00e1n<\/li>\n<li>Vera<\/li>\n<li>Tejero<\/li>\n<li>Matute<\/li>\n<li>Carcas<\/li>\n<li>Romeo<\/li>\n<li>Rebent\u00f3s<\/li>\n<li>Romeo<\/li>\n<li>Almau<\/li>\n<li>Laforga<\/li>\n<li>Fern\u00e1ndez<\/li>\n<li>Logro\u00f1o<\/li>\n<\/ul>\n<\/blockquote>\n<p><\/strong><\/p>\n<p>En esta secci\u00f3n encontrar\u00e1s algo sobre estos apellidos, su origen, distribuci\u00f3n y alguna historia familiar. Sigue los enlaces de cada apellido para poder saber m\u00e1s.<\/p>\n","protected":false},"excerpt":{"rendered":"<p>Me llamo Emperador, Antonio Emperador. Bueno, en realidad tengo m\u00e1s apellidos. Aunque mi aventura geneal\u00f3gica no ha tenido como principal objetivo la b\u00fasqueda de apellidos, lo cierto es que conociendo tus antepasados, llegas a completarlos. En concreto y de forma inicial (la lista de apellidos que podr\u00eda dar ser\u00eda bastante m\u00e1s larga) son los siguientes [&hellip;]<\/p>\n","protected":false},"author":2,"featured_media":0,"parent":85,"menu_order":0,"comment_status":"open","ping_status":"open","template":"","meta":{"site-container-style":"default","site-container-layout":"default","site-sidebar-layout":"default","disable-article-header":"default","disable-site-header":"default","disable-site-footer":"default","disable-content-area-spacing":"default","footnotes":""},"class_list":["post-166","page","type-page","status-publish","hentry"],"yoast_head":"<!-- This site is optimized with the Yoast SEO plugin v27.3 - https:\/\/yoast.com\/product\/yoast-seo-wordpress\/ -->\n<title>Mis apellidos - Reflexiones y adicciones<\/title>\n<meta name=\"robots\" content=\"index, follow, max-snippet:-1, max-image-preview:large, max-video-preview:-1\" \/>\n<link rel=\"canonical\" href=\"https:\/\/www.emperador.org\/index.php\/genealogia\/mis-apellidos\/\" \/>\n<meta property=\"og:locale\" content=\"es_ES\" \/>\n<meta property=\"og:type\" content=\"article\" \/>\n<meta property=\"og:title\" content=\"Mis apellidos - Reflexiones y adicciones\" \/>\n<meta property=\"og:description\" content=\"Me llamo Emperador, Antonio Emperador. Bueno, en realidad tengo m\u00e1s apellidos. Aunque mi aventura geneal\u00f3gica no ha tenido como principal objetivo la b\u00fasqueda de apellidos, lo cierto es que conociendo tus antepasados, llegas a completarlos. En concreto y de forma inicial (la lista de apellidos que podr\u00eda dar ser\u00eda bastante m\u00e1s larga) son los siguientes [&hellip;]\" \/>\n<meta property=\"og:url\" content=\"https:\/\/www.emperador.org\/index.php\/genealogia\/mis-apellidos\/\" \/>\n<meta property=\"og:site_name\" content=\"Reflexiones y adicciones\" \/>\n<meta property=\"article:modified_time\" content=\"2009-12-31T13:53:14+00:00\" \/>\n<meta name=\"twitter:card\" content=\"summary_large_image\" \/>\n<meta name=\"twitter:label1\" content=\"Tiempo de lectura\" \/>\n\t<meta name=\"twitter:data1\" content=\"1 minuto\" \/>\n<script type=\"application\/ld+json\" class=\"yoast-schema-graph\">{\"@context\":\"https:\\\/\\\/schema.org\",\"@graph\":[{\"@type\":\"WebPage\",\"@id\":\"https:\\\/\\\/www.emperador.org\\\/index.php\\\/genealogia\\\/mis-apellidos\\\/\",\"url\":\"https:\\\/\\\/www.emperador.org\\\/index.php\\\/genealogia\\\/mis-apellidos\\\/\",\"name\":\"Mis apellidos - Reflexiones y adicciones\",\"isPartOf\":{\"@id\":\"https:\\\/\\\/www.emperador.org\\\/#website\"},\"datePublished\":\"2009-12-07T17:56:19+00:00\",\"dateModified\":\"2009-12-31T13:53:14+00:00\",\"breadcrumb\":{\"@id\":\"https:\\\/\\\/www.emperador.org\\\/index.php\\\/genealogia\\\/mis-apellidos\\\/#breadcrumb\"},\"inLanguage\":\"es\",\"potentialAction\":[{\"@type\":\"ReadAction\",\"target\":[\"https:\\\/\\\/www.emperador.org\\\/index.php\\\/genealogia\\\/mis-apellidos\\\/\"]}]},{\"@type\":\"BreadcrumbList\",\"@id\":\"https:\\\/\\\/www.emperador.org\\\/index.php\\\/genealogia\\\/mis-apellidos\\\/#breadcrumb\",\"itemListElement\":[{\"@type\":\"ListItem\",\"position\":1,\"name\":\"Portada\",\"item\":\"https:\\\/\\\/www.emperador.org\\\/\"},{\"@type\":\"ListItem\",\"position\":2,\"name\":\"Genealog\u00eda\",\"item\":\"https:\\\/\\\/www.emperador.org\\\/index.php\\\/genealogia\\\/\"},{\"@type\":\"ListItem\",\"position\":3,\"name\":\"Mis apellidos\"}]},{\"@type\":\"WebSite\",\"@id\":\"https:\\\/\\\/www.emperador.org\\\/#website\",\"url\":\"https:\\\/\\\/www.emperador.org\\\/\",\"name\":\"Reflexiones y adicciones\",\"description\":\"Antonio J. Emperador Sau\",\"publisher\":{\"@id\":\"https:\\\/\\\/www.emperador.org\\\/#\\\/schema\\\/person\\\/7f3131e5ad3870b5252d2320a24452b7\"},\"potentialAction\":[{\"@type\":\"SearchAction\",\"target\":{\"@type\":\"EntryPoint\",\"urlTemplate\":\"https:\\\/\\\/www.emperador.org\\\/?s={search_term_string}\"},\"query-input\":{\"@type\":\"PropertyValueSpecification\",\"valueRequired\":true,\"valueName\":\"search_term_string\"}}],\"inLanguage\":\"es\"},{\"@type\":[\"Person\",\"Organization\"],\"@id\":\"https:\\\/\\\/www.emperador.org\\\/#\\\/schema\\\/person\\\/7f3131e5ad3870b5252d2320a24452b7\",\"name\":\"Antonio Emperador Sau\",\"image\":{\"@type\":\"ImageObject\",\"inLanguage\":\"es\",\"@id\":\"https:\\\/\\\/secure.gravatar.com\\\/avatar\\\/e3af7d1f8a4dc80a2f199c464a2476176b7940ce4dba16c8567686edc926f37a?s=96&d=mm&r=g\",\"url\":\"https:\\\/\\\/secure.gravatar.com\\\/avatar\\\/e3af7d1f8a4dc80a2f199c464a2476176b7940ce4dba16c8567686edc926f37a?s=96&d=mm&r=g\",\"contentUrl\":\"https:\\\/\\\/secure.gravatar.com\\\/avatar\\\/e3af7d1f8a4dc80a2f199c464a2476176b7940ce4dba16c8567686edc926f37a?s=96&d=mm&r=g\",\"caption\":\"Antonio Emperador Sau\"},\"logo\":{\"@id\":\"https:\\\/\\\/secure.gravatar.com\\\/avatar\\\/e3af7d1f8a4dc80a2f199c464a2476176b7940ce4dba16c8567686edc926f37a?s=96&d=mm&r=g\"},\"sameAs\":[\"https:\\\/\\\/www.emperador.org\"]}]}<\/script>\n<!-- \/ Yoast SEO plugin. -->","yoast_head_json":{"title":"Mis apellidos - Reflexiones y adicciones","robots":{"index":"index","follow":"follow","max-snippet":"max-snippet:-1","max-image-preview":"max-image-preview:large","max-video-preview":"max-video-preview:-1"},"canonical":"https:\/\/www.emperador.org\/index.php\/genealogia\/mis-apellidos\/","og_locale":"es_ES","og_type":"article","og_title":"Mis apellidos - Reflexiones y adicciones","og_description":"Me llamo Emperador, Antonio Emperador. Bueno, en realidad tengo m\u00e1s apellidos. Aunque mi aventura geneal\u00f3gica no ha tenido como principal objetivo la b\u00fasqueda de apellidos, lo cierto es que conociendo tus antepasados, llegas a completarlos. En concreto y de forma inicial (la lista de apellidos que podr\u00eda dar ser\u00eda bastante m\u00e1s larga) son los siguientes [&hellip;]","og_url":"https:\/\/www.emperador.org\/index.php\/genealogia\/mis-apellidos\/","og_site_name":"Reflexiones y adicciones","article_modified_time":"2009-12-31T13:53:14+00:00","twitter_card":"summary_large_image","twitter_misc":{"Tiempo de lectura":"1 minuto"},"schema":{"@context":"https:\/\/schema.org","@graph":[{"@type":"WebPage","@id":"https:\/\/www.emperador.org\/index.php\/genealogia\/mis-apellidos\/","url":"https:\/\/www.emperador.org\/index.php\/genealogia\/mis-apellidos\/","name":"Mis apellidos - Reflexiones y adicciones","isPartOf":{"@id":"https:\/\/www.emperador.org\/#website"},"datePublished":"2009-12-07T17:56:19+00:00","dateModified":"2009-12-31T13:53:14+00:00","breadcrumb":{"@id":"https:\/\/www.emperador.org\/index.php\/genealogia\/mis-apellidos\/#breadcrumb"},"inLanguage":"es","potentialAction":[{"@type":"ReadAction","target":["https:\/\/www.emperador.org\/index.php\/genealogia\/mis-apellidos\/"]}]},{"@type":"BreadcrumbList","@id":"https:\/\/www.emperador.org\/index.php\/genealogia\/mis-apellidos\/#breadcrumb","itemListElement":[{"@type":"ListItem","position":1,"name":"Portada","item":"https:\/\/www.emperador.org\/"},{"@type":"ListItem","position":2,"name":"Genealog\u00eda","item":"https:\/\/www.emperador.org\/index.php\/genealogia\/"},{"@type":"ListItem","position":3,"name":"Mis apellidos"}]},{"@type":"WebSite","@id":"https:\/\/www.emperador.org\/#website","url":"https:\/\/www.emperador.org\/","name":"Reflexiones y adicciones","description":"Antonio J. Emperador Sau","publisher":{"@id":"https:\/\/www.emperador.org\/#\/schema\/person\/7f3131e5ad3870b5252d2320a24452b7"},"potentialAction":[{"@type":"SearchAction","target":{"@type":"EntryPoint","urlTemplate":"https:\/\/www.emperador.org\/?s={search_term_string}"},"query-input":{"@type":"PropertyValueSpecification","valueRequired":true,"valueName":"search_term_string"}}],"inLanguage":"es"},{"@type":["Person","Organization"],"@id":"https:\/\/www.emperador.org\/#\/schema\/person\/7f3131e5ad3870b5252d2320a24452b7","name":"Antonio Emperador Sau","image":{"@type":"ImageObject","inLanguage":"es","@id":"https:\/\/secure.gravatar.com\/avatar\/e3af7d1f8a4dc80a2f199c464a2476176b7940ce4dba16c8567686edc926f37a?s=96&d=mm&r=g","url":"https:\/\/secure.gravatar.com\/avatar\/e3af7d1f8a4dc80a2f199c464a2476176b7940ce4dba16c8567686edc926f37a?s=96&d=mm&r=g","contentUrl":"https:\/\/secure.gravatar.com\/avatar\/e3af7d1f8a4dc80a2f199c464a2476176b7940ce4dba16c8567686edc926f37a?s=96&d=mm&r=g","caption":"Antonio Emperador Sau"},"logo":{"@id":"https:\/\/secure.gravatar.com\/avatar\/e3af7d1f8a4dc80a2f199c464a2476176b7940ce4dba16c8567686edc926f37a?s=96&d=mm&r=g"},"sameAs":["https:\/\/www.emperador.org"]}]}},"_links":{"self":[{"href":"https:\/\/www.emperador.org\/index.php\/wp-json\/wp\/v2\/pages\/166","targetHints":{"allow":["GET"]}}],"collection":[{"href":"https:\/\/www.emperador.org\/index.php\/wp-json\/wp\/v2\/pages"}],"about":[{"href":"https:\/\/www.emperador.org\/index.php\/wp-json\/wp\/v2\/types\/page"}],"author":[{"embeddable":true,"href":"https:\/\/www.emperador.org\/index.php\/wp-json\/wp\/v2\/users\/2"}],"replies":[{"embeddable":true,"href":"https:\/\/www.emperador.org\/index.php\/wp-json\/wp\/v2\/comments?post=166"}],"version-history":[{"count":15,"href":"https:\/\/www.emperador.org\/index.php\/wp-json\/wp\/v2\/pages\/166\/revisions"}],"predecessor-version":[{"id":348,"href":"https:\/\/www.emperador.org\/index.php\/wp-json\/wp\/v2\/pages\/166\/revisions\/348"}],"up":[{"embeddable":true,"href":"https:\/\/www.emperador.org\/index.php\/wp-json\/wp\/v2\/pages\/85"}],"wp:attachment":[{"href":"https:\/\/www.emperador.org\/index.php\/wp-json\/wp\/v2\/media?parent=166"}],"curies":[{"name":"wp","href":"https:\/\/api.w.org\/{rel}","templated":true}]}}