{"id":34,"date":"2007-10-30T19:04:31","date_gmt":"2007-10-30T17:04:31","guid":{"rendered":"http:\/\/www.emperador.org\/blog\/index.php\/cenas-dominicas\/cena-dominica-2004\/"},"modified":"2025-06-02T16:01:29","modified_gmt":"2025-06-02T16:01:29","slug":"cena-dominica-2004","status":"publish","type":"page","link":"https:\/\/www.emperador.org\/index.php\/galeria-de-fotos-personal\/cenas-dominicas\/cena-dominica-2004\/","title":{"rendered":"Cena dominica 2004"},"content":{"rendered":"<p>Esta cena tambi\u00e9n la hicimos en Los Delfines de la calle Santander el viernes 3 de diciembre de 2004.<\/p>\n<p><strong>Las de Crist\u00f3bal Cort\u00e9s<\/strong><\/p>\n<div id='gallery-1' class='gallery galleryid-34 gallery-columns-5 gallery-size-thumbnail'><figure class='gallery-item'>\n\t\t\t<div class='gallery-icon landscape'>\n\t\t\t\t<a href='https:\/\/www.emperador.org\/wp-content\/uploads\/2025\/06\/03-12-04_2133.jpg'><img loading=\"lazy\" decoding=\"async\" width=\"150\" height=\"150\" src=\"https:\/\/www.emperador.org\/wp-content\/uploads\/2025\/06\/03-12-04_2133-150x150.jpg\" class=\"attachment-thumbnail size-thumbnail\" alt=\"\" \/><\/a>\n\t\t\t<\/div><\/figure><figure class='gallery-item'>\n\t\t\t<div class='gallery-icon landscape'>\n\t\t\t\t<a href='https:\/\/www.emperador.org\/wp-content\/uploads\/2025\/06\/03-12-04_2134.jpg'><img loading=\"lazy\" decoding=\"async\" width=\"150\" height=\"150\" src=\"https:\/\/www.emperador.org\/wp-content\/uploads\/2025\/06\/03-12-04_2134-150x150.jpg\" class=\"attachment-thumbnail size-thumbnail\" alt=\"\" \/><\/a>\n\t\t\t<\/div><\/figure><figure class='gallery-item'>\n\t\t\t<div class='gallery-icon landscape'>\n\t\t\t\t<a href='https:\/\/www.emperador.org\/wp-content\/uploads\/2025\/06\/03-12-04_2137.jpg'><img loading=\"lazy\" decoding=\"async\" width=\"150\" height=\"150\" src=\"https:\/\/www.emperador.org\/wp-content\/uploads\/2025\/06\/03-12-04_2137-150x150.jpg\" class=\"attachment-thumbnail size-thumbnail\" alt=\"\" \/><\/a>\n\t\t\t<\/div><\/figure><figure class='gallery-item'>\n\t\t\t<div class='gallery-icon landscape'>\n\t\t\t\t<a href='https:\/\/www.emperador.org\/wp-content\/uploads\/2025\/06\/03-12-04_2144.jpg'><img loading=\"lazy\" decoding=\"async\" width=\"150\" height=\"150\" src=\"https:\/\/www.emperador.org\/wp-content\/uploads\/2025\/06\/03-12-04_2144-150x150.jpg\" class=\"attachment-thumbnail size-thumbnail\" alt=\"\" \/><\/a>\n\t\t\t<\/div><\/figure><figure class='gallery-item'>\n\t\t\t<div class='gallery-icon landscape'>\n\t\t\t\t<a href='https:\/\/www.emperador.org\/wp-content\/uploads\/2025\/06\/03-12-04_2145.jpg'><img loading=\"lazy\" decoding=\"async\" width=\"150\" height=\"150\" src=\"https:\/\/www.emperador.org\/wp-content\/uploads\/2025\/06\/03-12-04_2145-150x150.jpg\" class=\"attachment-thumbnail size-thumbnail\" alt=\"\" \/><\/a>\n\t\t\t<\/div><\/figure><figure class='gallery-item'>\n\t\t\t<div class='gallery-icon landscape'>\n\t\t\t\t<a href='https:\/\/www.emperador.org\/wp-content\/uploads\/2025\/06\/03-12-04_2146.jpg'><img loading=\"lazy\" decoding=\"async\" width=\"150\" height=\"150\" src=\"https:\/\/www.emperador.org\/wp-content\/uploads\/2025\/06\/03-12-04_2146-150x150.jpg\" class=\"attachment-thumbnail size-thumbnail\" alt=\"\" \/><\/a>\n\t\t\t<\/div><\/figure><figure class='gallery-item'>\n\t\t\t<div class='gallery-icon landscape'>\n\t\t\t\t<a href='https:\/\/www.emperador.org\/wp-content\/uploads\/2025\/06\/03-12-04_2155.jpg'><img loading=\"lazy\" decoding=\"async\" width=\"150\" height=\"150\" src=\"https:\/\/www.emperador.org\/wp-content\/uploads\/2025\/06\/03-12-04_2155-150x150.jpg\" class=\"attachment-thumbnail size-thumbnail\" alt=\"\" \/><\/a>\n\t\t\t<\/div><\/figure><figure class='gallery-item'>\n\t\t\t<div class='gallery-icon landscape'>\n\t\t\t\t<a href='https:\/\/www.emperador.org\/wp-content\/uploads\/2025\/06\/03-12-04_2156.jpg'><img loading=\"lazy\" decoding=\"async\" width=\"150\" height=\"150\" src=\"https:\/\/www.emperador.org\/wp-content\/uploads\/2025\/06\/03-12-04_2156-150x150.jpg\" class=\"attachment-thumbnail size-thumbnail\" alt=\"\" \/><\/a>\n\t\t\t<\/div><\/figure><figure class='gallery-item'>\n\t\t\t<div class='gallery-icon landscape'>\n\t\t\t\t<a href='https:\/\/www.emperador.org\/wp-content\/uploads\/2025\/06\/03-12-04_2159.jpg'><img loading=\"lazy\" decoding=\"async\" width=\"150\" height=\"150\" src=\"https:\/\/www.emperador.org\/wp-content\/uploads\/2025\/06\/03-12-04_2159-150x150.jpg\" class=\"attachment-thumbnail size-thumbnail\" alt=\"\" \/><\/a>\n\t\t\t<\/div><\/figure><figure class='gallery-item'>\n\t\t\t<div class='gallery-icon landscape'>\n\t\t\t\t<a href='https:\/\/www.emperador.org\/wp-content\/uploads\/2025\/06\/03-12-04_2201.jpg'><img loading=\"lazy\" decoding=\"async\" width=\"150\" height=\"150\" src=\"https:\/\/www.emperador.org\/wp-content\/uploads\/2025\/06\/03-12-04_2201-150x150.jpg\" class=\"attachment-thumbnail size-thumbnail\" alt=\"\" \/><\/a>\n\t\t\t<\/div><\/figure><figure class='gallery-item'>\n\t\t\t<div class='gallery-icon landscape'>\n\t\t\t\t<a href='https:\/\/www.emperador.org\/wp-content\/uploads\/2025\/06\/03-12-04_2209.jpg'><img loading=\"lazy\" decoding=\"async\" width=\"150\" height=\"150\" src=\"https:\/\/www.emperador.org\/wp-content\/uploads\/2025\/06\/03-12-04_2209-150x150.jpg\" class=\"attachment-thumbnail size-thumbnail\" alt=\"\" \/><\/a>\n\t\t\t<\/div><\/figure><figure class='gallery-item'>\n\t\t\t<div class='gallery-icon landscape'>\n\t\t\t\t<a href='https:\/\/www.emperador.org\/wp-content\/uploads\/2025\/06\/03-12-04_2210.jpg'><img loading=\"lazy\" decoding=\"async\" width=\"150\" height=\"150\" src=\"https:\/\/www.emperador.org\/wp-content\/uploads\/2025\/06\/03-12-04_2210-150x150.jpg\" class=\"attachment-thumbnail size-thumbnail\" alt=\"\" \/><\/a>\n\t\t\t<\/div><\/figure><figure class='gallery-item'>\n\t\t\t<div class='gallery-icon landscape'>\n\t\t\t\t<a href='https:\/\/www.emperador.org\/wp-content\/uploads\/2025\/06\/04-12-04_0000.jpg'><img loading=\"lazy\" decoding=\"async\" width=\"150\" height=\"150\" src=\"https:\/\/www.emperador.org\/wp-content\/uploads\/2025\/06\/04-12-04_0000-150x150.jpg\" class=\"attachment-thumbnail size-thumbnail\" alt=\"\" \/><\/a>\n\t\t\t<\/div><\/figure><figure class='gallery-item'>\n\t\t\t<div class='gallery-icon landscape'>\n\t\t\t\t<a href='https:\/\/www.emperador.org\/wp-content\/uploads\/2025\/06\/04-12-04_0031.jpg'><img loading=\"lazy\" decoding=\"async\" width=\"150\" height=\"150\" src=\"https:\/\/www.emperador.org\/wp-content\/uploads\/2025\/06\/04-12-04_0031-150x150.jpg\" class=\"attachment-thumbnail size-thumbnail\" alt=\"\" \/><\/a>\n\t\t\t<\/div><\/figure><figure class='gallery-item'>\n\t\t\t<div class='gallery-icon landscape'>\n\t\t\t\t<a href='https:\/\/www.emperador.org\/wp-content\/uploads\/2025\/06\/04-12-04_0033.jpg'><img loading=\"lazy\" decoding=\"async\" width=\"150\" height=\"150\" src=\"https:\/\/www.emperador.org\/wp-content\/uploads\/2025\/06\/04-12-04_0033-150x150.jpg\" class=\"attachment-thumbnail size-thumbnail\" alt=\"\" \/><\/a>\n\t\t\t<\/div><\/figure><figure class='gallery-item'>\n\t\t\t<div class='gallery-icon landscape'>\n\t\t\t\t<a href='https:\/\/www.emperador.org\/wp-content\/uploads\/2025\/06\/04-12-04_0050.jpg'><img loading=\"lazy\" decoding=\"async\" width=\"150\" height=\"150\" src=\"https:\/\/www.emperador.org\/wp-content\/uploads\/2025\/06\/04-12-04_0050-150x150.jpg\" class=\"attachment-thumbnail size-thumbnail\" alt=\"\" \/><\/a>\n\t\t\t<\/div><\/figure><figure class='gallery-item'>\n\t\t\t<div class='gallery-icon landscape'>\n\t\t\t\t<a href='https:\/\/www.emperador.org\/wp-content\/uploads\/2025\/06\/04-12-04_0056.jpg'><img loading=\"lazy\" decoding=\"async\" width=\"150\" height=\"150\" src=\"https:\/\/www.emperador.org\/wp-content\/uploads\/2025\/06\/04-12-04_0056-150x150.jpg\" class=\"attachment-thumbnail size-thumbnail\" alt=\"\" \/><\/a>\n\t\t\t<\/div><\/figure><figure class='gallery-item'>\n\t\t\t<div class='gallery-icon landscape'>\n\t\t\t\t<a href='https:\/\/www.emperador.org\/wp-content\/uploads\/2025\/06\/04-12-04_0057.jpg'><img loading=\"lazy\" decoding=\"async\" width=\"150\" height=\"150\" src=\"https:\/\/www.emperador.org\/wp-content\/uploads\/2025\/06\/04-12-04_0057-150x150.jpg\" class=\"attachment-thumbnail size-thumbnail\" alt=\"\" \/><\/a>\n\t\t\t<\/div><\/figure><figure class='gallery-item'>\n\t\t\t<div class='gallery-icon landscape'>\n\t\t\t\t<a href='https:\/\/www.emperador.org\/wp-content\/uploads\/2025\/06\/04-12-04_0059.jpg'><img loading=\"lazy\" decoding=\"async\" width=\"150\" height=\"150\" src=\"https:\/\/www.emperador.org\/wp-content\/uploads\/2025\/06\/04-12-04_0059-150x150.jpg\" class=\"attachment-thumbnail size-thumbnail\" alt=\"\" \/><\/a>\n\t\t\t<\/div><\/figure><figure class='gallery-item'>\n\t\t\t<div class='gallery-icon landscape'>\n\t\t\t\t<a href='https:\/\/www.emperador.org\/wp-content\/uploads\/2025\/06\/04-12-04_0149.jpg'><img loading=\"lazy\" decoding=\"async\" width=\"150\" height=\"150\" src=\"https:\/\/www.emperador.org\/wp-content\/uploads\/2025\/06\/04-12-04_0149-150x150.jpg\" class=\"attachment-thumbnail size-thumbnail\" alt=\"\" \/><\/a>\n\t\t\t<\/div><\/figure><figure class='gallery-item'>\n\t\t\t<div class='gallery-icon landscape'>\n\t\t\t\t<a href='https:\/\/www.emperador.org\/wp-content\/uploads\/2025\/06\/04-12-04_0151.jpg'><img loading=\"lazy\" decoding=\"async\" width=\"150\" height=\"150\" src=\"https:\/\/www.emperador.org\/wp-content\/uploads\/2025\/06\/04-12-04_0151-150x150.jpg\" class=\"attachment-thumbnail size-thumbnail\" alt=\"\" \/><\/a>\n\t\t\t<\/div><\/figure><figure class='gallery-item'>\n\t\t\t<div class='gallery-icon landscape'>\n\t\t\t\t<a href='https:\/\/www.emperador.org\/wp-content\/uploads\/2025\/06\/04-12-04_0154.jpg'><img loading=\"lazy\" decoding=\"async\" width=\"150\" height=\"150\" src=\"https:\/\/www.emperador.org\/wp-content\/uploads\/2025\/06\/04-12-04_0154-150x150.jpg\" class=\"attachment-thumbnail size-thumbnail\" alt=\"\" \/><\/a>\n\t\t\t<\/div><\/figure><figure class='gallery-item'>\n\t\t\t<div class='gallery-icon landscape'>\n\t\t\t\t<a href='https:\/\/www.emperador.org\/wp-content\/uploads\/2025\/06\/04-12-04_0156.jpg'><img loading=\"lazy\" decoding=\"async\" width=\"150\" height=\"150\" src=\"https:\/\/www.emperador.org\/wp-content\/uploads\/2025\/06\/04-12-04_0156-150x150.jpg\" class=\"attachment-thumbnail size-thumbnail\" alt=\"\" \/><\/a>\n\t\t\t<\/div><\/figure>\n\t\t<\/div>\n\n","protected":false},"excerpt":{"rendered":"<p>Esta cena tambi\u00e9n la hicimos en Los Delfines de la calle Santander el viernes 3 de diciembre de 2004. Las de Crist\u00f3bal Cort\u00e9s<\/p>\n","protected":false},"author":2,"featured_media":977,"parent":31,"menu_order":13,"comment_status":"open","ping_status":"open","template":"","meta":{"site-container-style":"default","site-container-layout":"default","site-sidebar-layout":"default","disable-article-header":"default","disable-site-header":"default","disable-site-footer":"default","disable-content-area-spacing":"default","footnotes":""},"class_list":["post-34","page","type-page","status-publish","has-post-thumbnail","hentry"],"yoast_head":"<!-- This site is optimized with the Yoast SEO plugin v27.3 - https:\/\/yoast.com\/product\/yoast-seo-wordpress\/ -->\n<title>Cena dominica 2004 - Reflexiones y adicciones<\/title>\n<meta name=\"robots\" content=\"index, follow, max-snippet:-1, max-image-preview:large, max-video-preview:-1\" \/>\n<link rel=\"canonical\" href=\"https:\/\/www.emperador.org\/index.php\/galeria-de-fotos-personal\/cenas-dominicas\/cena-dominica-2004\/\" \/>\n<meta property=\"og:locale\" content=\"es_ES\" \/>\n<meta property=\"og:type\" content=\"article\" \/>\n<meta property=\"og:title\" content=\"Cena dominica 2004 - Reflexiones y adicciones\" \/>\n<meta property=\"og:description\" content=\"Esta cena tambi\u00e9n la hicimos en Los Delfines de la calle Santander el viernes 3 de diciembre de 2004. Las de Crist\u00f3bal Cort\u00e9s\" \/>\n<meta property=\"og:url\" content=\"https:\/\/www.emperador.org\/index.php\/galeria-de-fotos-personal\/cenas-dominicas\/cena-dominica-2004\/\" \/>\n<meta property=\"og:site_name\" content=\"Reflexiones y adicciones\" \/>\n<meta property=\"article:modified_time\" content=\"2025-06-02T16:01:29+00:00\" \/>\n<meta property=\"og:image\" content=\"https:\/\/www.emperador.org\/wp-content\/uploads\/2025\/06\/03-12-04_2201.jpg\" \/>\n\t<meta property=\"og:image:width\" content=\"640\" \/>\n\t<meta property=\"og:image:height\" content=\"480\" \/>\n\t<meta property=\"og:image:type\" content=\"image\/jpeg\" \/>\n<meta name=\"twitter:card\" content=\"summary_large_image\" \/>\n<meta name=\"twitter:label1\" content=\"Tiempo de lectura\" \/>\n\t<meta name=\"twitter:data1\" content=\"1 minuto\" \/>\n<script type=\"application\/ld+json\" class=\"yoast-schema-graph\">{\"@context\":\"https:\\\/\\\/schema.org\",\"@graph\":[{\"@type\":\"WebPage\",\"@id\":\"https:\\\/\\\/www.emperador.org\\\/index.php\\\/galeria-de-fotos-personal\\\/cenas-dominicas\\\/cena-dominica-2004\\\/\",\"url\":\"https:\\\/\\\/www.emperador.org\\\/index.php\\\/galeria-de-fotos-personal\\\/cenas-dominicas\\\/cena-dominica-2004\\\/\",\"name\":\"Cena dominica 2004 - Reflexiones y adicciones\",\"isPartOf\":{\"@id\":\"https:\\\/\\\/www.emperador.org\\\/#website\"},\"primaryImageOfPage\":{\"@id\":\"https:\\\/\\\/www.emperador.org\\\/index.php\\\/galeria-de-fotos-personal\\\/cenas-dominicas\\\/cena-dominica-2004\\\/#primaryimage\"},\"image\":{\"@id\":\"https:\\\/\\\/www.emperador.org\\\/index.php\\\/galeria-de-fotos-personal\\\/cenas-dominicas\\\/cena-dominica-2004\\\/#primaryimage\"},\"thumbnailUrl\":\"https:\\\/\\\/www.emperador.org\\\/wp-content\\\/uploads\\\/2025\\\/06\\\/03-12-04_2201.jpg\",\"datePublished\":\"2007-10-30T17:04:31+00:00\",\"dateModified\":\"2025-06-02T16:01:29+00:00\",\"breadcrumb\":{\"@id\":\"https:\\\/\\\/www.emperador.org\\\/index.php\\\/galeria-de-fotos-personal\\\/cenas-dominicas\\\/cena-dominica-2004\\\/#breadcrumb\"},\"inLanguage\":\"es\",\"potentialAction\":[{\"@type\":\"ReadAction\",\"target\":[\"https:\\\/\\\/www.emperador.org\\\/index.php\\\/galeria-de-fotos-personal\\\/cenas-dominicas\\\/cena-dominica-2004\\\/\"]}]},{\"@type\":\"ImageObject\",\"inLanguage\":\"es\",\"@id\":\"https:\\\/\\\/www.emperador.org\\\/index.php\\\/galeria-de-fotos-personal\\\/cenas-dominicas\\\/cena-dominica-2004\\\/#primaryimage\",\"url\":\"https:\\\/\\\/www.emperador.org\\\/wp-content\\\/uploads\\\/2025\\\/06\\\/03-12-04_2201.jpg\",\"contentUrl\":\"https:\\\/\\\/www.emperador.org\\\/wp-content\\\/uploads\\\/2025\\\/06\\\/03-12-04_2201.jpg\",\"width\":640,\"height\":480},{\"@type\":\"BreadcrumbList\",\"@id\":\"https:\\\/\\\/www.emperador.org\\\/index.php\\\/galeria-de-fotos-personal\\\/cenas-dominicas\\\/cena-dominica-2004\\\/#breadcrumb\",\"itemListElement\":[{\"@type\":\"ListItem\",\"position\":1,\"name\":\"Portada\",\"item\":\"https:\\\/\\\/www.emperador.org\\\/\"},{\"@type\":\"ListItem\",\"position\":2,\"name\":\"Galer\u00ed\u00adas\",\"item\":\"https:\\\/\\\/www.emperador.org\\\/index.php\\\/galeria-de-fotos-personal\\\/\"},{\"@type\":\"ListItem\",\"position\":3,\"name\":\"Cenas dominicas\",\"item\":\"https:\\\/\\\/www.emperador.org\\\/index.php\\\/galeria-de-fotos-personal\\\/cenas-dominicas\\\/\"},{\"@type\":\"ListItem\",\"position\":4,\"name\":\"Cena dominica 2004\"}]},{\"@type\":\"WebSite\",\"@id\":\"https:\\\/\\\/www.emperador.org\\\/#website\",\"url\":\"https:\\\/\\\/www.emperador.org\\\/\",\"name\":\"Reflexiones y adicciones\",\"description\":\"Antonio J. Emperador Sau\",\"publisher\":{\"@id\":\"https:\\\/\\\/www.emperador.org\\\/#\\\/schema\\\/person\\\/7f3131e5ad3870b5252d2320a24452b7\"},\"potentialAction\":[{\"@type\":\"SearchAction\",\"target\":{\"@type\":\"EntryPoint\",\"urlTemplate\":\"https:\\\/\\\/www.emperador.org\\\/?s={search_term_string}\"},\"query-input\":{\"@type\":\"PropertyValueSpecification\",\"valueRequired\":true,\"valueName\":\"search_term_string\"}}],\"inLanguage\":\"es\"},{\"@type\":[\"Person\",\"Organization\"],\"@id\":\"https:\\\/\\\/www.emperador.org\\\/#\\\/schema\\\/person\\\/7f3131e5ad3870b5252d2320a24452b7\",\"name\":\"Antonio Emperador Sau\",\"image\":{\"@type\":\"ImageObject\",\"inLanguage\":\"es\",\"@id\":\"https:\\\/\\\/secure.gravatar.com\\\/avatar\\\/e3af7d1f8a4dc80a2f199c464a2476176b7940ce4dba16c8567686edc926f37a?s=96&d=mm&r=g\",\"url\":\"https:\\\/\\\/secure.gravatar.com\\\/avatar\\\/e3af7d1f8a4dc80a2f199c464a2476176b7940ce4dba16c8567686edc926f37a?s=96&d=mm&r=g\",\"contentUrl\":\"https:\\\/\\\/secure.gravatar.com\\\/avatar\\\/e3af7d1f8a4dc80a2f199c464a2476176b7940ce4dba16c8567686edc926f37a?s=96&d=mm&r=g\",\"caption\":\"Antonio Emperador Sau\"},\"logo\":{\"@id\":\"https:\\\/\\\/secure.gravatar.com\\\/avatar\\\/e3af7d1f8a4dc80a2f199c464a2476176b7940ce4dba16c8567686edc926f37a?s=96&d=mm&r=g\"},\"sameAs\":[\"https:\\\/\\\/www.emperador.org\"]}]}<\/script>\n<!-- \/ Yoast SEO plugin. -->","yoast_head_json":{"title":"Cena dominica 2004 - Reflexiones y adicciones","robots":{"index":"index","follow":"follow","max-snippet":"max-snippet:-1","max-image-preview":"max-image-preview:large","max-video-preview":"max-video-preview:-1"},"canonical":"https:\/\/www.emperador.org\/index.php\/galeria-de-fotos-personal\/cenas-dominicas\/cena-dominica-2004\/","og_locale":"es_ES","og_type":"article","og_title":"Cena dominica 2004 - Reflexiones y adicciones","og_description":"Esta cena tambi\u00e9n la hicimos en Los Delfines de la calle Santander el viernes 3 de diciembre de 2004. Las de Crist\u00f3bal Cort\u00e9s","og_url":"https:\/\/www.emperador.org\/index.php\/galeria-de-fotos-personal\/cenas-dominicas\/cena-dominica-2004\/","og_site_name":"Reflexiones y adicciones","article_modified_time":"2025-06-02T16:01:29+00:00","og_image":[{"width":640,"height":480,"url":"https:\/\/www.emperador.org\/wp-content\/uploads\/2025\/06\/03-12-04_2201.jpg","type":"image\/jpeg"}],"twitter_card":"summary_large_image","twitter_misc":{"Tiempo de lectura":"1 minuto"},"schema":{"@context":"https:\/\/schema.org","@graph":[{"@type":"WebPage","@id":"https:\/\/www.emperador.org\/index.php\/galeria-de-fotos-personal\/cenas-dominicas\/cena-dominica-2004\/","url":"https:\/\/www.emperador.org\/index.php\/galeria-de-fotos-personal\/cenas-dominicas\/cena-dominica-2004\/","name":"Cena dominica 2004 - Reflexiones y adicciones","isPartOf":{"@id":"https:\/\/www.emperador.org\/#website"},"primaryImageOfPage":{"@id":"https:\/\/www.emperador.org\/index.php\/galeria-de-fotos-personal\/cenas-dominicas\/cena-dominica-2004\/#primaryimage"},"image":{"@id":"https:\/\/www.emperador.org\/index.php\/galeria-de-fotos-personal\/cenas-dominicas\/cena-dominica-2004\/#primaryimage"},"thumbnailUrl":"https:\/\/www.emperador.org\/wp-content\/uploads\/2025\/06\/03-12-04_2201.jpg","datePublished":"2007-10-30T17:04:31+00:00","dateModified":"2025-06-02T16:01:29+00:00","breadcrumb":{"@id":"https:\/\/www.emperador.org\/index.php\/galeria-de-fotos-personal\/cenas-dominicas\/cena-dominica-2004\/#breadcrumb"},"inLanguage":"es","potentialAction":[{"@type":"ReadAction","target":["https:\/\/www.emperador.org\/index.php\/galeria-de-fotos-personal\/cenas-dominicas\/cena-dominica-2004\/"]}]},{"@type":"ImageObject","inLanguage":"es","@id":"https:\/\/www.emperador.org\/index.php\/galeria-de-fotos-personal\/cenas-dominicas\/cena-dominica-2004\/#primaryimage","url":"https:\/\/www.emperador.org\/wp-content\/uploads\/2025\/06\/03-12-04_2201.jpg","contentUrl":"https:\/\/www.emperador.org\/wp-content\/uploads\/2025\/06\/03-12-04_2201.jpg","width":640,"height":480},{"@type":"BreadcrumbList","@id":"https:\/\/www.emperador.org\/index.php\/galeria-de-fotos-personal\/cenas-dominicas\/cena-dominica-2004\/#breadcrumb","itemListElement":[{"@type":"ListItem","position":1,"name":"Portada","item":"https:\/\/www.emperador.org\/"},{"@type":"ListItem","position":2,"name":"Galer\u00ed\u00adas","item":"https:\/\/www.emperador.org\/index.php\/galeria-de-fotos-personal\/"},{"@type":"ListItem","position":3,"name":"Cenas dominicas","item":"https:\/\/www.emperador.org\/index.php\/galeria-de-fotos-personal\/cenas-dominicas\/"},{"@type":"ListItem","position":4,"name":"Cena dominica 2004"}]},{"@type":"WebSite","@id":"https:\/\/www.emperador.org\/#website","url":"https:\/\/www.emperador.org\/","name":"Reflexiones y adicciones","description":"Antonio J. Emperador Sau","publisher":{"@id":"https:\/\/www.emperador.org\/#\/schema\/person\/7f3131e5ad3870b5252d2320a24452b7"},"potentialAction":[{"@type":"SearchAction","target":{"@type":"EntryPoint","urlTemplate":"https:\/\/www.emperador.org\/?s={search_term_string}"},"query-input":{"@type":"PropertyValueSpecification","valueRequired":true,"valueName":"search_term_string"}}],"inLanguage":"es"},{"@type":["Person","Organization"],"@id":"https:\/\/www.emperador.org\/#\/schema\/person\/7f3131e5ad3870b5252d2320a24452b7","name":"Antonio Emperador Sau","image":{"@type":"ImageObject","inLanguage":"es","@id":"https:\/\/secure.gravatar.com\/avatar\/e3af7d1f8a4dc80a2f199c464a2476176b7940ce4dba16c8567686edc926f37a?s=96&d=mm&r=g","url":"https:\/\/secure.gravatar.com\/avatar\/e3af7d1f8a4dc80a2f199c464a2476176b7940ce4dba16c8567686edc926f37a?s=96&d=mm&r=g","contentUrl":"https:\/\/secure.gravatar.com\/avatar\/e3af7d1f8a4dc80a2f199c464a2476176b7940ce4dba16c8567686edc926f37a?s=96&d=mm&r=g","caption":"Antonio Emperador Sau"},"logo":{"@id":"https:\/\/secure.gravatar.com\/avatar\/e3af7d1f8a4dc80a2f199c464a2476176b7940ce4dba16c8567686edc926f37a?s=96&d=mm&r=g"},"sameAs":["https:\/\/www.emperador.org"]}]}},"_links":{"self":[{"href":"https:\/\/www.emperador.org\/index.php\/wp-json\/wp\/v2\/pages\/34","targetHints":{"allow":["GET"]}}],"collection":[{"href":"https:\/\/www.emperador.org\/index.php\/wp-json\/wp\/v2\/pages"}],"about":[{"href":"https:\/\/www.emperador.org\/index.php\/wp-json\/wp\/v2\/types\/page"}],"author":[{"embeddable":true,"href":"https:\/\/www.emperador.org\/index.php\/wp-json\/wp\/v2\/users\/2"}],"replies":[{"embeddable":true,"href":"https:\/\/www.emperador.org\/index.php\/wp-json\/wp\/v2\/comments?post=34"}],"version-history":[{"count":2,"href":"https:\/\/www.emperador.org\/index.php\/wp-json\/wp\/v2\/pages\/34\/revisions"}],"predecessor-version":[{"id":1078,"href":"https:\/\/www.emperador.org\/index.php\/wp-json\/wp\/v2\/pages\/34\/revisions\/1078"}],"up":[{"embeddable":true,"href":"https:\/\/www.emperador.org\/index.php\/wp-json\/wp\/v2\/pages\/31"}],"wp:featuredmedia":[{"embeddable":true,"href":"https:\/\/www.emperador.org\/index.php\/wp-json\/wp\/v2\/media\/977"}],"wp:attachment":[{"href":"https:\/\/www.emperador.org\/index.php\/wp-json\/wp\/v2\/media?parent=34"}],"curies":[{"name":"wp","href":"https:\/\/api.w.org\/{rel}","templated":true}]}}