{"id":37,"date":"2007-10-30T19:14:53","date_gmt":"2007-10-30T17:14:53","guid":{"rendered":"http:\/\/www.emperador.org\/blog\/index.php\/galeria-de-fotos-personal\/ofrenda-pilar-2007\/"},"modified":"2025-06-02T11:03:38","modified_gmt":"2025-06-02T11:03:38","slug":"ofrenda-pilar-2007","status":"publish","type":"page","link":"https:\/\/www.emperador.org\/index.php\/galeria-de-fotos-personal\/ofrenda-pilar-2007\/","title":{"rendered":"Ofrenda Pilar 2007"},"content":{"rendered":"<div id='gallery-1' class='gallery galleryid-37 gallery-columns-5 gallery-size-thumbnail'><figure class='gallery-item'>\n\t\t\t<div class='gallery-icon landscape'>\n\t\t\t\t<a href='https:\/\/www.emperador.org\/wp-content\/uploads\/2025\/06\/2007_10_12-16.jpg'><img loading=\"lazy\" decoding=\"async\" width=\"150\" height=\"150\" src=\"https:\/\/www.emperador.org\/wp-content\/uploads\/2025\/06\/2007_10_12-16-150x150.jpg\" class=\"attachment-thumbnail size-thumbnail\" alt=\"\" \/><\/a>\n\t\t\t<\/div><\/figure><figure class='gallery-item'>\n\t\t\t<div class='gallery-icon landscape'>\n\t\t\t\t<a href='https:\/\/www.emperador.org\/wp-content\/uploads\/2025\/06\/2007_10_12-14.jpg'><img loading=\"lazy\" decoding=\"async\" width=\"150\" height=\"150\" src=\"https:\/\/www.emperador.org\/wp-content\/uploads\/2025\/06\/2007_10_12-14-150x150.jpg\" class=\"attachment-thumbnail size-thumbnail\" alt=\"\" \/><\/a>\n\t\t\t<\/div><\/figure><figure class='gallery-item'>\n\t\t\t<div class='gallery-icon landscape'>\n\t\t\t\t<a href='https:\/\/www.emperador.org\/wp-content\/uploads\/2025\/06\/2007_10_12-39.jpg'><img loading=\"lazy\" decoding=\"async\" width=\"150\" height=\"150\" src=\"https:\/\/www.emperador.org\/wp-content\/uploads\/2025\/06\/2007_10_12-39-150x150.jpg\" class=\"attachment-thumbnail size-thumbnail\" alt=\"\" \/><\/a>\n\t\t\t<\/div><\/figure><figure class='gallery-item'>\n\t\t\t<div class='gallery-icon landscape'>\n\t\t\t\t<a href='https:\/\/www.emperador.org\/wp-content\/uploads\/2025\/06\/2007_10_12-21.jpg'><img loading=\"lazy\" decoding=\"async\" width=\"150\" height=\"150\" src=\"https:\/\/www.emperador.org\/wp-content\/uploads\/2025\/06\/2007_10_12-21-150x150.jpg\" class=\"attachment-thumbnail size-thumbnail\" alt=\"\" \/><\/a>\n\t\t\t<\/div><\/figure><figure class='gallery-item'>\n\t\t\t<div class='gallery-icon landscape'>\n\t\t\t\t<a href='https:\/\/www.emperador.org\/wp-content\/uploads\/2025\/06\/2007_10_12-19.jpg'><img loading=\"lazy\" decoding=\"async\" width=\"150\" height=\"150\" src=\"https:\/\/www.emperador.org\/wp-content\/uploads\/2025\/06\/2007_10_12-19-150x150.jpg\" class=\"attachment-thumbnail size-thumbnail\" alt=\"\" \/><\/a>\n\t\t\t<\/div><\/figure><figure class='gallery-item'>\n\t\t\t<div class='gallery-icon landscape'>\n\t\t\t\t<a href='https:\/\/www.emperador.org\/wp-content\/uploads\/2025\/06\/100_2237.jpg'><img loading=\"lazy\" decoding=\"async\" width=\"150\" height=\"150\" src=\"https:\/\/www.emperador.org\/wp-content\/uploads\/2025\/06\/100_2237-150x150.jpg\" class=\"attachment-thumbnail size-thumbnail\" alt=\"\" \/><\/a>\n\t\t\t<\/div><\/figure><figure class='gallery-item'>\n\t\t\t<div class='gallery-icon landscape'>\n\t\t\t\t<a href='https:\/\/www.emperador.org\/wp-content\/uploads\/2025\/06\/100_2232.jpg'><img loading=\"lazy\" decoding=\"async\" width=\"150\" height=\"150\" src=\"https:\/\/www.emperador.org\/wp-content\/uploads\/2025\/06\/100_2232-150x150.jpg\" class=\"attachment-thumbnail size-thumbnail\" alt=\"Family de Pilares 2007\" aria-describedby=\"gallery-1-864\" \/><\/a>\n\t\t\t<\/div>\n\t\t\t\t<figcaption class='wp-caption-text gallery-caption' id='gallery-1-864'>\n\t\t\t\tFamily de Pilares 2007\n\t\t\t\t<\/figcaption><\/figure><figure class='gallery-item'>\n\t\t\t<div class='gallery-icon landscape'>\n\t\t\t\t<a href='https:\/\/www.emperador.org\/wp-content\/uploads\/2025\/06\/100_2230.jpg'><img loading=\"lazy\" decoding=\"async\" width=\"150\" height=\"150\" src=\"https:\/\/www.emperador.org\/wp-content\/uploads\/2025\/06\/100_2230-150x150.jpg\" class=\"attachment-thumbnail size-thumbnail\" alt=\"\" \/><\/a>\n\t\t\t<\/div><\/figure><figure class='gallery-item'>\n\t\t\t<div class='gallery-icon landscape'>\n\t\t\t\t<a href='https:\/\/www.emperador.org\/wp-content\/uploads\/2025\/06\/100_2226.jpg'><img loading=\"lazy\" decoding=\"async\" width=\"150\" height=\"150\" src=\"https:\/\/www.emperador.org\/wp-content\/uploads\/2025\/06\/100_2226-150x150.jpg\" class=\"attachment-thumbnail size-thumbnail\" alt=\"\" \/><\/a>\n\t\t\t<\/div><\/figure><figure class='gallery-item'>\n\t\t\t<div class='gallery-icon landscape'>\n\t\t\t\t<a href='https:\/\/www.emperador.org\/wp-content\/uploads\/2025\/06\/100_2222.jpg'><img loading=\"lazy\" decoding=\"async\" width=\"150\" height=\"150\" src=\"https:\/\/www.emperador.org\/wp-content\/uploads\/2025\/06\/100_2222-150x150.jpg\" class=\"attachment-thumbnail size-thumbnail\" alt=\"\" \/><\/a>\n\t\t\t<\/div><\/figure>\n\t\t<\/div>\n\n<p>Algunas fotos son cortes\u00eda de Jes\u00fas Mart\u00edn<\/p>\n","protected":false},"excerpt":{"rendered":"<p>Algunas fotos son cortes\u00eda de Jes\u00fas Mart\u00edn<\/p>\n","protected":false},"author":2,"featured_media":864,"parent":36,"menu_order":103,"comment_status":"open","ping_status":"open","template":"","meta":{"site-container-style":"default","site-container-layout":"default","site-sidebar-layout":"default","disable-article-header":"default","disable-site-header":"default","disable-site-footer":"default","disable-content-area-spacing":"default","footnotes":""},"class_list":["post-37","page","type-page","status-publish","has-post-thumbnail","hentry"],"yoast_head":"<!-- This site is optimized with the Yoast SEO plugin v27.3 - https:\/\/yoast.com\/product\/yoast-seo-wordpress\/ -->\n<title>Ofrenda Pilar 2007 - Reflexiones y adicciones<\/title>\n<meta name=\"robots\" content=\"index, follow, max-snippet:-1, max-image-preview:large, max-video-preview:-1\" \/>\n<link rel=\"canonical\" href=\"https:\/\/www.emperador.org\/index.php\/galeria-de-fotos-personal\/ofrenda-pilar-2007\/\" \/>\n<meta property=\"og:locale\" content=\"es_ES\" \/>\n<meta property=\"og:type\" content=\"article\" \/>\n<meta property=\"og:title\" content=\"Ofrenda Pilar 2007 - Reflexiones y adicciones\" \/>\n<meta property=\"og:description\" content=\"Algunas fotos son cortes\u00eda de Jes\u00fas Mart\u00edn\" \/>\n<meta property=\"og:url\" content=\"https:\/\/www.emperador.org\/index.php\/galeria-de-fotos-personal\/ofrenda-pilar-2007\/\" \/>\n<meta property=\"og:site_name\" content=\"Reflexiones y adicciones\" \/>\n<meta property=\"article:modified_time\" content=\"2025-06-02T11:03:38+00:00\" \/>\n<meta property=\"og:image\" content=\"https:\/\/www.emperador.org\/wp-content\/uploads\/2025\/06\/100_2232.jpg\" \/>\n\t<meta property=\"og:image:width\" content=\"2032\" \/>\n\t<meta property=\"og:image:height\" content=\"1524\" \/>\n\t<meta property=\"og:image:type\" content=\"image\/jpeg\" \/>\n<meta name=\"twitter:card\" content=\"summary_large_image\" \/>\n<meta name=\"twitter:label1\" content=\"Tiempo de lectura\" \/>\n\t<meta name=\"twitter:data1\" content=\"1 minuto\" \/>\n<script type=\"application\/ld+json\" class=\"yoast-schema-graph\">{\"@context\":\"https:\\\/\\\/schema.org\",\"@graph\":[{\"@type\":\"WebPage\",\"@id\":\"https:\\\/\\\/www.emperador.org\\\/index.php\\\/galeria-de-fotos-personal\\\/ofrenda-pilar-2007\\\/\",\"url\":\"https:\\\/\\\/www.emperador.org\\\/index.php\\\/galeria-de-fotos-personal\\\/ofrenda-pilar-2007\\\/\",\"name\":\"Ofrenda Pilar 2007 - Reflexiones y adicciones\",\"isPartOf\":{\"@id\":\"https:\\\/\\\/www.emperador.org\\\/#website\"},\"primaryImageOfPage\":{\"@id\":\"https:\\\/\\\/www.emperador.org\\\/index.php\\\/galeria-de-fotos-personal\\\/ofrenda-pilar-2007\\\/#primaryimage\"},\"image\":{\"@id\":\"https:\\\/\\\/www.emperador.org\\\/index.php\\\/galeria-de-fotos-personal\\\/ofrenda-pilar-2007\\\/#primaryimage\"},\"thumbnailUrl\":\"https:\\\/\\\/www.emperador.org\\\/wp-content\\\/uploads\\\/2025\\\/06\\\/100_2232.jpg\",\"datePublished\":\"2007-10-30T17:14:53+00:00\",\"dateModified\":\"2025-06-02T11:03:38+00:00\",\"breadcrumb\":{\"@id\":\"https:\\\/\\\/www.emperador.org\\\/index.php\\\/galeria-de-fotos-personal\\\/ofrenda-pilar-2007\\\/#breadcrumb\"},\"inLanguage\":\"es\",\"potentialAction\":[{\"@type\":\"ReadAction\",\"target\":[\"https:\\\/\\\/www.emperador.org\\\/index.php\\\/galeria-de-fotos-personal\\\/ofrenda-pilar-2007\\\/\"]}]},{\"@type\":\"ImageObject\",\"inLanguage\":\"es\",\"@id\":\"https:\\\/\\\/www.emperador.org\\\/index.php\\\/galeria-de-fotos-personal\\\/ofrenda-pilar-2007\\\/#primaryimage\",\"url\":\"https:\\\/\\\/www.emperador.org\\\/wp-content\\\/uploads\\\/2025\\\/06\\\/100_2232.jpg\",\"contentUrl\":\"https:\\\/\\\/www.emperador.org\\\/wp-content\\\/uploads\\\/2025\\\/06\\\/100_2232.jpg\",\"width\":2032,\"height\":1524,\"caption\":\"Family de Pilares 2007\"},{\"@type\":\"BreadcrumbList\",\"@id\":\"https:\\\/\\\/www.emperador.org\\\/index.php\\\/galeria-de-fotos-personal\\\/ofrenda-pilar-2007\\\/#breadcrumb\",\"itemListElement\":[{\"@type\":\"ListItem\",\"position\":1,\"name\":\"Portada\",\"item\":\"https:\\\/\\\/www.emperador.org\\\/\"},{\"@type\":\"ListItem\",\"position\":2,\"name\":\"Galer\u00ed\u00adas\",\"item\":\"https:\\\/\\\/www.emperador.org\\\/index.php\\\/galeria-de-fotos-personal\\\/\"},{\"@type\":\"ListItem\",\"position\":3,\"name\":\"Ofrenda Pilar 2007\"}]},{\"@type\":\"WebSite\",\"@id\":\"https:\\\/\\\/www.emperador.org\\\/#website\",\"url\":\"https:\\\/\\\/www.emperador.org\\\/\",\"name\":\"Reflexiones y adicciones\",\"description\":\"Antonio J. Emperador Sau\",\"publisher\":{\"@id\":\"https:\\\/\\\/www.emperador.org\\\/#\\\/schema\\\/person\\\/7f3131e5ad3870b5252d2320a24452b7\"},\"potentialAction\":[{\"@type\":\"SearchAction\",\"target\":{\"@type\":\"EntryPoint\",\"urlTemplate\":\"https:\\\/\\\/www.emperador.org\\\/?s={search_term_string}\"},\"query-input\":{\"@type\":\"PropertyValueSpecification\",\"valueRequired\":true,\"valueName\":\"search_term_string\"}}],\"inLanguage\":\"es\"},{\"@type\":[\"Person\",\"Organization\"],\"@id\":\"https:\\\/\\\/www.emperador.org\\\/#\\\/schema\\\/person\\\/7f3131e5ad3870b5252d2320a24452b7\",\"name\":\"Antonio Emperador Sau\",\"image\":{\"@type\":\"ImageObject\",\"inLanguage\":\"es\",\"@id\":\"https:\\\/\\\/secure.gravatar.com\\\/avatar\\\/e3af7d1f8a4dc80a2f199c464a2476176b7940ce4dba16c8567686edc926f37a?s=96&d=mm&r=g\",\"url\":\"https:\\\/\\\/secure.gravatar.com\\\/avatar\\\/e3af7d1f8a4dc80a2f199c464a2476176b7940ce4dba16c8567686edc926f37a?s=96&d=mm&r=g\",\"contentUrl\":\"https:\\\/\\\/secure.gravatar.com\\\/avatar\\\/e3af7d1f8a4dc80a2f199c464a2476176b7940ce4dba16c8567686edc926f37a?s=96&d=mm&r=g\",\"caption\":\"Antonio Emperador Sau\"},\"logo\":{\"@id\":\"https:\\\/\\\/secure.gravatar.com\\\/avatar\\\/e3af7d1f8a4dc80a2f199c464a2476176b7940ce4dba16c8567686edc926f37a?s=96&d=mm&r=g\"},\"sameAs\":[\"https:\\\/\\\/www.emperador.org\"]}]}<\/script>\n<!-- \/ Yoast SEO plugin. -->","yoast_head_json":{"title":"Ofrenda Pilar 2007 - Reflexiones y adicciones","robots":{"index":"index","follow":"follow","max-snippet":"max-snippet:-1","max-image-preview":"max-image-preview:large","max-video-preview":"max-video-preview:-1"},"canonical":"https:\/\/www.emperador.org\/index.php\/galeria-de-fotos-personal\/ofrenda-pilar-2007\/","og_locale":"es_ES","og_type":"article","og_title":"Ofrenda Pilar 2007 - Reflexiones y adicciones","og_description":"Algunas fotos son cortes\u00eda de Jes\u00fas Mart\u00edn","og_url":"https:\/\/www.emperador.org\/index.php\/galeria-de-fotos-personal\/ofrenda-pilar-2007\/","og_site_name":"Reflexiones y adicciones","article_modified_time":"2025-06-02T11:03:38+00:00","og_image":[{"width":2032,"height":1524,"url":"https:\/\/www.emperador.org\/wp-content\/uploads\/2025\/06\/100_2232.jpg","type":"image\/jpeg"}],"twitter_card":"summary_large_image","twitter_misc":{"Tiempo de lectura":"1 minuto"},"schema":{"@context":"https:\/\/schema.org","@graph":[{"@type":"WebPage","@id":"https:\/\/www.emperador.org\/index.php\/galeria-de-fotos-personal\/ofrenda-pilar-2007\/","url":"https:\/\/www.emperador.org\/index.php\/galeria-de-fotos-personal\/ofrenda-pilar-2007\/","name":"Ofrenda Pilar 2007 - Reflexiones y adicciones","isPartOf":{"@id":"https:\/\/www.emperador.org\/#website"},"primaryImageOfPage":{"@id":"https:\/\/www.emperador.org\/index.php\/galeria-de-fotos-personal\/ofrenda-pilar-2007\/#primaryimage"},"image":{"@id":"https:\/\/www.emperador.org\/index.php\/galeria-de-fotos-personal\/ofrenda-pilar-2007\/#primaryimage"},"thumbnailUrl":"https:\/\/www.emperador.org\/wp-content\/uploads\/2025\/06\/100_2232.jpg","datePublished":"2007-10-30T17:14:53+00:00","dateModified":"2025-06-02T11:03:38+00:00","breadcrumb":{"@id":"https:\/\/www.emperador.org\/index.php\/galeria-de-fotos-personal\/ofrenda-pilar-2007\/#breadcrumb"},"inLanguage":"es","potentialAction":[{"@type":"ReadAction","target":["https:\/\/www.emperador.org\/index.php\/galeria-de-fotos-personal\/ofrenda-pilar-2007\/"]}]},{"@type":"ImageObject","inLanguage":"es","@id":"https:\/\/www.emperador.org\/index.php\/galeria-de-fotos-personal\/ofrenda-pilar-2007\/#primaryimage","url":"https:\/\/www.emperador.org\/wp-content\/uploads\/2025\/06\/100_2232.jpg","contentUrl":"https:\/\/www.emperador.org\/wp-content\/uploads\/2025\/06\/100_2232.jpg","width":2032,"height":1524,"caption":"Family de Pilares 2007"},{"@type":"BreadcrumbList","@id":"https:\/\/www.emperador.org\/index.php\/galeria-de-fotos-personal\/ofrenda-pilar-2007\/#breadcrumb","itemListElement":[{"@type":"ListItem","position":1,"name":"Portada","item":"https:\/\/www.emperador.org\/"},{"@type":"ListItem","position":2,"name":"Galer\u00ed\u00adas","item":"https:\/\/www.emperador.org\/index.php\/galeria-de-fotos-personal\/"},{"@type":"ListItem","position":3,"name":"Ofrenda Pilar 2007"}]},{"@type":"WebSite","@id":"https:\/\/www.emperador.org\/#website","url":"https:\/\/www.emperador.org\/","name":"Reflexiones y adicciones","description":"Antonio J. Emperador Sau","publisher":{"@id":"https:\/\/www.emperador.org\/#\/schema\/person\/7f3131e5ad3870b5252d2320a24452b7"},"potentialAction":[{"@type":"SearchAction","target":{"@type":"EntryPoint","urlTemplate":"https:\/\/www.emperador.org\/?s={search_term_string}"},"query-input":{"@type":"PropertyValueSpecification","valueRequired":true,"valueName":"search_term_string"}}],"inLanguage":"es"},{"@type":["Person","Organization"],"@id":"https:\/\/www.emperador.org\/#\/schema\/person\/7f3131e5ad3870b5252d2320a24452b7","name":"Antonio Emperador Sau","image":{"@type":"ImageObject","inLanguage":"es","@id":"https:\/\/secure.gravatar.com\/avatar\/e3af7d1f8a4dc80a2f199c464a2476176b7940ce4dba16c8567686edc926f37a?s=96&d=mm&r=g","url":"https:\/\/secure.gravatar.com\/avatar\/e3af7d1f8a4dc80a2f199c464a2476176b7940ce4dba16c8567686edc926f37a?s=96&d=mm&r=g","contentUrl":"https:\/\/secure.gravatar.com\/avatar\/e3af7d1f8a4dc80a2f199c464a2476176b7940ce4dba16c8567686edc926f37a?s=96&d=mm&r=g","caption":"Antonio Emperador Sau"},"logo":{"@id":"https:\/\/secure.gravatar.com\/avatar\/e3af7d1f8a4dc80a2f199c464a2476176b7940ce4dba16c8567686edc926f37a?s=96&d=mm&r=g"},"sameAs":["https:\/\/www.emperador.org"]}]}},"_links":{"self":[{"href":"https:\/\/www.emperador.org\/index.php\/wp-json\/wp\/v2\/pages\/37","targetHints":{"allow":["GET"]}}],"collection":[{"href":"https:\/\/www.emperador.org\/index.php\/wp-json\/wp\/v2\/pages"}],"about":[{"href":"https:\/\/www.emperador.org\/index.php\/wp-json\/wp\/v2\/types\/page"}],"author":[{"embeddable":true,"href":"https:\/\/www.emperador.org\/index.php\/wp-json\/wp\/v2\/users\/2"}],"replies":[{"embeddable":true,"href":"https:\/\/www.emperador.org\/index.php\/wp-json\/wp\/v2\/comments?post=37"}],"version-history":[{"count":4,"href":"https:\/\/www.emperador.org\/index.php\/wp-json\/wp\/v2\/pages\/37\/revisions"}],"predecessor-version":[{"id":887,"href":"https:\/\/www.emperador.org\/index.php\/wp-json\/wp\/v2\/pages\/37\/revisions\/887"}],"up":[{"embeddable":true,"href":"https:\/\/www.emperador.org\/index.php\/wp-json\/wp\/v2\/pages\/36"}],"wp:featuredmedia":[{"embeddable":true,"href":"https:\/\/www.emperador.org\/index.php\/wp-json\/wp\/v2\/media\/864"}],"wp:attachment":[{"href":"https:\/\/www.emperador.org\/index.php\/wp-json\/wp\/v2\/media?parent=37"}],"curies":[{"name":"wp","href":"https:\/\/api.w.org\/{rel}","templated":true}]}}