{"id":43,"date":"2007-11-28T02:51:29","date_gmt":"2007-11-28T00:51:29","guid":{"rendered":"http:\/\/www.emperador.org\/blog\/index.php\/cenas-dominicas\/los-dominicos-en-1979\/"},"modified":"2025-05-27T16:12:02","modified_gmt":"2025-05-27T16:12:02","slug":"los-dominicos-en-1979","status":"publish","type":"page","link":"https:\/\/www.emperador.org\/index.php\/galeria-de-fotos-personal\/cenas-dominicas\/los-dominicos-en-1979\/","title":{"rendered":"Los dominicos en 1979"},"content":{"rendered":"<p>No se vosotros, pero yo no tengo mas que una foto de la \u00e9poca de dominicos (salvo las de la revista \u00abCurso\u00bb con las fotos individuales). Esa foto es la que os presento a continuaci\u00f3n:<\/p>\n<p><a href=\"https:\/\/web.emperador.org\/wp-content\/uploads\/2025\/05\/curso.jpg\"><img loading=\"lazy\" decoding=\"async\" class=\"aligncenter size-full wp-image-469\" src=\"https:\/\/web.emperador.org\/wp-content\/uploads\/2025\/05\/curso.jpg\" alt=\"\" width=\"572\" height=\"372\" srcset=\"https:\/\/www.emperador.org\/wp-content\/uploads\/2025\/05\/curso.jpg 572w, https:\/\/www.emperador.org\/wp-content\/uploads\/2025\/05\/curso-300x195.jpg 300w\" sizes=\"auto, (max-width: 572px) 100vw, 572px\" \/><\/a><\/p>\n<p>La imagen se corresponde a una peque\u00f1a broma y ni siquiera recuerdo quien la hizo. En los ex\u00e1menes finales (mayo o junio) nos pusimos de acuerdo para ir con corbata. La broma era una peque\u00f1a tomadura de pelo a un profesor que siempre se met\u00eda con nosotros por la forma de vestir (\u00a1si viera ahora!). A la salida hicimos la foto.<\/p>\n<p>Uno tiene poca memoria y hay algunos nombres que no recuerdo, aunque las caras casi las veo mejor entonces que ahora.<\/p>\n<p>Me ten\u00e9is que ayudar a sacar el nombre de todos. De momento adelanto:<\/p>\n<p><a href=\"https:\/\/web.emperador.org\/wp-content\/uploads\/2025\/05\/contorno.jpg\"><img loading=\"lazy\" decoding=\"async\" class=\"aligncenter size-full wp-image-470\" src=\"https:\/\/web.emperador.org\/wp-content\/uploads\/2025\/05\/contorno.jpg\" alt=\"\" width=\"457\" height=\"260\" srcset=\"https:\/\/www.emperador.org\/wp-content\/uploads\/2025\/05\/contorno.jpg 457w, https:\/\/www.emperador.org\/wp-content\/uploads\/2025\/05\/contorno-300x171.jpg 300w\" sizes=\"auto, (max-width: 457px) 100vw, 457px\" \/><\/a><\/p>\n<table border=\"0\" width=\"100%\" align=\"center\">\n<tbody>\n<tr>\n<td align=\"center\"><strong>1.<\/strong> Willy (Guillermo Gonz\u00e1lez)<br \/>\n<strong>2.<\/strong> Joaqu\u00edn Liarte<br \/>\n<strong>3.<\/strong> Fernando Carreras<br \/>\n<strong>4.<\/strong> ? (\u00bfla chica de Aurelio?)<br \/>\n<strong>5.<\/strong> Alberto Gir\u00f3n<br \/>\n<strong>6.<\/strong> Antonio Ferreres<br \/>\n<strong>7.<\/strong> Francisco Javier Echegaray<br \/>\n<strong>8.<\/strong> Fernando Al\u00f3s<\/td>\n<td align=\"center\"><strong>9.<\/strong> Luis Antonio Duro<br \/>\n<strong>10.<\/strong> Chencho (?)<br \/>\n<strong>11.<\/strong> Antonio Emperador<br \/>\n<strong>12.<\/strong> Aurelio Ferrer<br \/>\n<strong>13.<\/strong> Luis Pelegr\u00edn<br \/>\n<strong>14.<\/strong> Miguel Cervera<br \/>\n<strong>15.<\/strong> Luis Alberto Conte<br \/>\n<strong>16.<\/strong> Rafael Lacalle<\/td>\n<\/tr>\n<tr>\n<td colspan=\"2\" align=\"center\"><strong>17.<\/strong> Santiago Berges<br \/>\n<strong>18.<\/strong> ?<br \/>\n<strong>19.<\/strong> ?<br \/>\n<strong>20.<\/strong> Pedro Manuel de Francisco<br \/>\n<strong>21.<\/strong> Crist\u00f3bal Cort\u00e9s<br \/>\n<strong>22.<\/strong> Luis Manuel Elvira<br \/>\n<strong>23.<\/strong> Javier Langarita<br \/>\n<strong>24.<\/strong> Joaqu\u00edn Calvo<br \/>\n<strong>25.<\/strong> ?<br \/>\n<strong>26.<\/strong> ?<br \/>\n<strong>27.<\/strong> ?<\/td>\n<\/tr>\n<\/tbody>\n<\/table>\n<p>Gracias por vuestra colaboraci\u00f3n.<\/p>\n","protected":false},"excerpt":{"rendered":"<p>No se vosotros, pero yo no tengo mas que una foto de la \u00e9poca de dominicos (salvo las de la revista \u00abCurso\u00bb con las fotos individuales). Esa foto es la que os presento a continuaci\u00f3n: La imagen se corresponde a una peque\u00f1a broma y ni siquiera recuerdo quien la hizo. En los ex\u00e1menes finales (mayo [&hellip;]<\/p>\n","protected":false},"author":2,"featured_media":469,"parent":31,"menu_order":10,"comment_status":"open","ping_status":"open","template":"","meta":{"site-container-style":"default","site-container-layout":"default","site-sidebar-layout":"default","disable-article-header":"default","disable-site-header":"default","disable-site-footer":"default","disable-content-area-spacing":"default","footnotes":""},"class_list":["post-43","page","type-page","status-publish","has-post-thumbnail","hentry"],"yoast_head":"<!-- This site is optimized with the Yoast SEO plugin v27.3 - https:\/\/yoast.com\/product\/yoast-seo-wordpress\/ -->\n<title>Los dominicos en 1979 - Reflexiones y adicciones<\/title>\n<meta name=\"robots\" content=\"index, follow, max-snippet:-1, max-image-preview:large, max-video-preview:-1\" \/>\n<link rel=\"canonical\" href=\"https:\/\/www.emperador.org\/index.php\/galeria-de-fotos-personal\/cenas-dominicas\/los-dominicos-en-1979\/\" \/>\n<meta property=\"og:locale\" content=\"es_ES\" \/>\n<meta property=\"og:type\" content=\"article\" \/>\n<meta property=\"og:title\" content=\"Los dominicos en 1979 - Reflexiones y adicciones\" \/>\n<meta property=\"og:description\" content=\"No se vosotros, pero yo no tengo mas que una foto de la \u00e9poca de dominicos (salvo las de la revista \u00abCurso\u00bb con las fotos individuales). Esa foto es la que os presento a continuaci\u00f3n: La imagen se corresponde a una peque\u00f1a broma y ni siquiera recuerdo quien la hizo. En los ex\u00e1menes finales (mayo [&hellip;]\" \/>\n<meta property=\"og:url\" content=\"https:\/\/www.emperador.org\/index.php\/galeria-de-fotos-personal\/cenas-dominicas\/los-dominicos-en-1979\/\" \/>\n<meta property=\"og:site_name\" content=\"Reflexiones y adicciones\" \/>\n<meta property=\"article:modified_time\" content=\"2025-05-27T16:12:02+00:00\" \/>\n<meta property=\"og:image\" content=\"https:\/\/www.emperador.org\/wp-content\/uploads\/2025\/05\/curso.jpg\" \/>\n\t<meta property=\"og:image:width\" content=\"572\" \/>\n\t<meta property=\"og:image:height\" content=\"372\" \/>\n\t<meta property=\"og:image:type\" content=\"image\/jpeg\" \/>\n<meta name=\"twitter:card\" content=\"summary_large_image\" \/>\n<meta name=\"twitter:label1\" content=\"Tiempo de lectura\" \/>\n\t<meta name=\"twitter:data1\" content=\"2 minutos\" \/>\n<script type=\"application\/ld+json\" class=\"yoast-schema-graph\">{\"@context\":\"https:\\\/\\\/schema.org\",\"@graph\":[{\"@type\":\"WebPage\",\"@id\":\"https:\\\/\\\/www.emperador.org\\\/index.php\\\/galeria-de-fotos-personal\\\/cenas-dominicas\\\/los-dominicos-en-1979\\\/\",\"url\":\"https:\\\/\\\/www.emperador.org\\\/index.php\\\/galeria-de-fotos-personal\\\/cenas-dominicas\\\/los-dominicos-en-1979\\\/\",\"name\":\"Los dominicos en 1979 - Reflexiones y adicciones\",\"isPartOf\":{\"@id\":\"https:\\\/\\\/www.emperador.org\\\/#website\"},\"primaryImageOfPage\":{\"@id\":\"https:\\\/\\\/www.emperador.org\\\/index.php\\\/galeria-de-fotos-personal\\\/cenas-dominicas\\\/los-dominicos-en-1979\\\/#primaryimage\"},\"image\":{\"@id\":\"https:\\\/\\\/www.emperador.org\\\/index.php\\\/galeria-de-fotos-personal\\\/cenas-dominicas\\\/los-dominicos-en-1979\\\/#primaryimage\"},\"thumbnailUrl\":\"https:\\\/\\\/www.emperador.org\\\/wp-content\\\/uploads\\\/2025\\\/05\\\/curso.jpg\",\"datePublished\":\"2007-11-28T00:51:29+00:00\",\"dateModified\":\"2025-05-27T16:12:02+00:00\",\"breadcrumb\":{\"@id\":\"https:\\\/\\\/www.emperador.org\\\/index.php\\\/galeria-de-fotos-personal\\\/cenas-dominicas\\\/los-dominicos-en-1979\\\/#breadcrumb\"},\"inLanguage\":\"es\",\"potentialAction\":[{\"@type\":\"ReadAction\",\"target\":[\"https:\\\/\\\/www.emperador.org\\\/index.php\\\/galeria-de-fotos-personal\\\/cenas-dominicas\\\/los-dominicos-en-1979\\\/\"]}]},{\"@type\":\"ImageObject\",\"inLanguage\":\"es\",\"@id\":\"https:\\\/\\\/www.emperador.org\\\/index.php\\\/galeria-de-fotos-personal\\\/cenas-dominicas\\\/los-dominicos-en-1979\\\/#primaryimage\",\"url\":\"https:\\\/\\\/www.emperador.org\\\/wp-content\\\/uploads\\\/2025\\\/05\\\/curso.jpg\",\"contentUrl\":\"https:\\\/\\\/www.emperador.org\\\/wp-content\\\/uploads\\\/2025\\\/05\\\/curso.jpg\",\"width\":572,\"height\":372},{\"@type\":\"BreadcrumbList\",\"@id\":\"https:\\\/\\\/www.emperador.org\\\/index.php\\\/galeria-de-fotos-personal\\\/cenas-dominicas\\\/los-dominicos-en-1979\\\/#breadcrumb\",\"itemListElement\":[{\"@type\":\"ListItem\",\"position\":1,\"name\":\"Portada\",\"item\":\"https:\\\/\\\/www.emperador.org\\\/\"},{\"@type\":\"ListItem\",\"position\":2,\"name\":\"Galer\u00ed\u00adas\",\"item\":\"https:\\\/\\\/www.emperador.org\\\/index.php\\\/galeria-de-fotos-personal\\\/\"},{\"@type\":\"ListItem\",\"position\":3,\"name\":\"Cenas dominicas\",\"item\":\"https:\\\/\\\/www.emperador.org\\\/index.php\\\/galeria-de-fotos-personal\\\/cenas-dominicas\\\/\"},{\"@type\":\"ListItem\",\"position\":4,\"name\":\"Los dominicos en 1979\"}]},{\"@type\":\"WebSite\",\"@id\":\"https:\\\/\\\/www.emperador.org\\\/#website\",\"url\":\"https:\\\/\\\/www.emperador.org\\\/\",\"name\":\"Reflexiones y adicciones\",\"description\":\"Antonio J. Emperador Sau\",\"publisher\":{\"@id\":\"https:\\\/\\\/www.emperador.org\\\/#\\\/schema\\\/person\\\/7f3131e5ad3870b5252d2320a24452b7\"},\"potentialAction\":[{\"@type\":\"SearchAction\",\"target\":{\"@type\":\"EntryPoint\",\"urlTemplate\":\"https:\\\/\\\/www.emperador.org\\\/?s={search_term_string}\"},\"query-input\":{\"@type\":\"PropertyValueSpecification\",\"valueRequired\":true,\"valueName\":\"search_term_string\"}}],\"inLanguage\":\"es\"},{\"@type\":[\"Person\",\"Organization\"],\"@id\":\"https:\\\/\\\/www.emperador.org\\\/#\\\/schema\\\/person\\\/7f3131e5ad3870b5252d2320a24452b7\",\"name\":\"Antonio Emperador Sau\",\"image\":{\"@type\":\"ImageObject\",\"inLanguage\":\"es\",\"@id\":\"https:\\\/\\\/secure.gravatar.com\\\/avatar\\\/e3af7d1f8a4dc80a2f199c464a2476176b7940ce4dba16c8567686edc926f37a?s=96&d=mm&r=g\",\"url\":\"https:\\\/\\\/secure.gravatar.com\\\/avatar\\\/e3af7d1f8a4dc80a2f199c464a2476176b7940ce4dba16c8567686edc926f37a?s=96&d=mm&r=g\",\"contentUrl\":\"https:\\\/\\\/secure.gravatar.com\\\/avatar\\\/e3af7d1f8a4dc80a2f199c464a2476176b7940ce4dba16c8567686edc926f37a?s=96&d=mm&r=g\",\"caption\":\"Antonio Emperador Sau\"},\"logo\":{\"@id\":\"https:\\\/\\\/secure.gravatar.com\\\/avatar\\\/e3af7d1f8a4dc80a2f199c464a2476176b7940ce4dba16c8567686edc926f37a?s=96&d=mm&r=g\"},\"sameAs\":[\"https:\\\/\\\/www.emperador.org\"]}]}<\/script>\n<!-- \/ Yoast SEO plugin. -->","yoast_head_json":{"title":"Los dominicos en 1979 - Reflexiones y adicciones","robots":{"index":"index","follow":"follow","max-snippet":"max-snippet:-1","max-image-preview":"max-image-preview:large","max-video-preview":"max-video-preview:-1"},"canonical":"https:\/\/www.emperador.org\/index.php\/galeria-de-fotos-personal\/cenas-dominicas\/los-dominicos-en-1979\/","og_locale":"es_ES","og_type":"article","og_title":"Los dominicos en 1979 - Reflexiones y adicciones","og_description":"No se vosotros, pero yo no tengo mas que una foto de la \u00e9poca de dominicos (salvo las de la revista \u00abCurso\u00bb con las fotos individuales). Esa foto es la que os presento a continuaci\u00f3n: La imagen se corresponde a una peque\u00f1a broma y ni siquiera recuerdo quien la hizo. En los ex\u00e1menes finales (mayo [&hellip;]","og_url":"https:\/\/www.emperador.org\/index.php\/galeria-de-fotos-personal\/cenas-dominicas\/los-dominicos-en-1979\/","og_site_name":"Reflexiones y adicciones","article_modified_time":"2025-05-27T16:12:02+00:00","og_image":[{"width":572,"height":372,"url":"https:\/\/www.emperador.org\/wp-content\/uploads\/2025\/05\/curso.jpg","type":"image\/jpeg"}],"twitter_card":"summary_large_image","twitter_misc":{"Tiempo de lectura":"2 minutos"},"schema":{"@context":"https:\/\/schema.org","@graph":[{"@type":"WebPage","@id":"https:\/\/www.emperador.org\/index.php\/galeria-de-fotos-personal\/cenas-dominicas\/los-dominicos-en-1979\/","url":"https:\/\/www.emperador.org\/index.php\/galeria-de-fotos-personal\/cenas-dominicas\/los-dominicos-en-1979\/","name":"Los dominicos en 1979 - Reflexiones y adicciones","isPartOf":{"@id":"https:\/\/www.emperador.org\/#website"},"primaryImageOfPage":{"@id":"https:\/\/www.emperador.org\/index.php\/galeria-de-fotos-personal\/cenas-dominicas\/los-dominicos-en-1979\/#primaryimage"},"image":{"@id":"https:\/\/www.emperador.org\/index.php\/galeria-de-fotos-personal\/cenas-dominicas\/los-dominicos-en-1979\/#primaryimage"},"thumbnailUrl":"https:\/\/www.emperador.org\/wp-content\/uploads\/2025\/05\/curso.jpg","datePublished":"2007-11-28T00:51:29+00:00","dateModified":"2025-05-27T16:12:02+00:00","breadcrumb":{"@id":"https:\/\/www.emperador.org\/index.php\/galeria-de-fotos-personal\/cenas-dominicas\/los-dominicos-en-1979\/#breadcrumb"},"inLanguage":"es","potentialAction":[{"@type":"ReadAction","target":["https:\/\/www.emperador.org\/index.php\/galeria-de-fotos-personal\/cenas-dominicas\/los-dominicos-en-1979\/"]}]},{"@type":"ImageObject","inLanguage":"es","@id":"https:\/\/www.emperador.org\/index.php\/galeria-de-fotos-personal\/cenas-dominicas\/los-dominicos-en-1979\/#primaryimage","url":"https:\/\/www.emperador.org\/wp-content\/uploads\/2025\/05\/curso.jpg","contentUrl":"https:\/\/www.emperador.org\/wp-content\/uploads\/2025\/05\/curso.jpg","width":572,"height":372},{"@type":"BreadcrumbList","@id":"https:\/\/www.emperador.org\/index.php\/galeria-de-fotos-personal\/cenas-dominicas\/los-dominicos-en-1979\/#breadcrumb","itemListElement":[{"@type":"ListItem","position":1,"name":"Portada","item":"https:\/\/www.emperador.org\/"},{"@type":"ListItem","position":2,"name":"Galer\u00ed\u00adas","item":"https:\/\/www.emperador.org\/index.php\/galeria-de-fotos-personal\/"},{"@type":"ListItem","position":3,"name":"Cenas dominicas","item":"https:\/\/www.emperador.org\/index.php\/galeria-de-fotos-personal\/cenas-dominicas\/"},{"@type":"ListItem","position":4,"name":"Los dominicos en 1979"}]},{"@type":"WebSite","@id":"https:\/\/www.emperador.org\/#website","url":"https:\/\/www.emperador.org\/","name":"Reflexiones y adicciones","description":"Antonio J. Emperador Sau","publisher":{"@id":"https:\/\/www.emperador.org\/#\/schema\/person\/7f3131e5ad3870b5252d2320a24452b7"},"potentialAction":[{"@type":"SearchAction","target":{"@type":"EntryPoint","urlTemplate":"https:\/\/www.emperador.org\/?s={search_term_string}"},"query-input":{"@type":"PropertyValueSpecification","valueRequired":true,"valueName":"search_term_string"}}],"inLanguage":"es"},{"@type":["Person","Organization"],"@id":"https:\/\/www.emperador.org\/#\/schema\/person\/7f3131e5ad3870b5252d2320a24452b7","name":"Antonio Emperador Sau","image":{"@type":"ImageObject","inLanguage":"es","@id":"https:\/\/secure.gravatar.com\/avatar\/e3af7d1f8a4dc80a2f199c464a2476176b7940ce4dba16c8567686edc926f37a?s=96&d=mm&r=g","url":"https:\/\/secure.gravatar.com\/avatar\/e3af7d1f8a4dc80a2f199c464a2476176b7940ce4dba16c8567686edc926f37a?s=96&d=mm&r=g","contentUrl":"https:\/\/secure.gravatar.com\/avatar\/e3af7d1f8a4dc80a2f199c464a2476176b7940ce4dba16c8567686edc926f37a?s=96&d=mm&r=g","caption":"Antonio Emperador Sau"},"logo":{"@id":"https:\/\/secure.gravatar.com\/avatar\/e3af7d1f8a4dc80a2f199c464a2476176b7940ce4dba16c8567686edc926f37a?s=96&d=mm&r=g"},"sameAs":["https:\/\/www.emperador.org"]}]}},"_links":{"self":[{"href":"https:\/\/www.emperador.org\/index.php\/wp-json\/wp\/v2\/pages\/43","targetHints":{"allow":["GET"]}}],"collection":[{"href":"https:\/\/www.emperador.org\/index.php\/wp-json\/wp\/v2\/pages"}],"about":[{"href":"https:\/\/www.emperador.org\/index.php\/wp-json\/wp\/v2\/types\/page"}],"author":[{"embeddable":true,"href":"https:\/\/www.emperador.org\/index.php\/wp-json\/wp\/v2\/users\/2"}],"replies":[{"embeddable":true,"href":"https:\/\/www.emperador.org\/index.php\/wp-json\/wp\/v2\/comments?post=43"}],"version-history":[{"count":1,"href":"https:\/\/www.emperador.org\/index.php\/wp-json\/wp\/v2\/pages\/43\/revisions"}],"predecessor-version":[{"id":471,"href":"https:\/\/www.emperador.org\/index.php\/wp-json\/wp\/v2\/pages\/43\/revisions\/471"}],"up":[{"embeddable":true,"href":"https:\/\/www.emperador.org\/index.php\/wp-json\/wp\/v2\/pages\/31"}],"wp:featuredmedia":[{"embeddable":true,"href":"https:\/\/www.emperador.org\/index.php\/wp-json\/wp\/v2\/media\/469"}],"wp:attachment":[{"href":"https:\/\/www.emperador.org\/index.php\/wp-json\/wp\/v2\/media?parent=43"}],"curies":[{"name":"wp","href":"https:\/\/api.w.org\/{rel}","templated":true}]}}